{"id":10057,"date":"2022-05-15T10:29:00","date_gmt":"2022-05-15T10:29:00","guid":{"rendered":"https:\/\/www.eventurstp.com\/notre-engagement-en-faveur-du-developpement-durable\/"},"modified":"2024-03-05T15:55:47","modified_gmt":"2024-03-05T15:55:47","slug":"notre-engagement-en-faveur-du-developpement-durable","status":"publish","type":"page","link":"https:\/\/www.eventurstp.com\/fr\/notre-engagement-en-faveur-du-developpement-durable\/","title":{"rendered":"Notre engagement en faveur du d\u00e9veloppement durable"},"content":{"rendered":"\t\t<div data-elementor-type=\"wp-page\" data-elementor-id=\"10057\" class=\"elementor elementor-10057 elementor-8392\" data-elementor-post-type=\"page\">\n\t\t\t\t\t\t<section class=\"elementor-section elementor-top-section elementor-element elementor-element-15f7eca elementor-section-boxed elementor-section-height-default elementor-section-height-default\" data-id=\"15f7eca\" data-element_type=\"section\">\n\t\t\t\t\t\t<div class=\"elementor-container elementor-column-gap-default\">\n\t\t\t\t\t<div class=\"elementor-column elementor-col-100 elementor-top-column elementor-element elementor-element-869c252\" data-id=\"869c252\" data-element_type=\"column\">\n\t\t\t<div class=\"elementor-widget-wrap elementor-element-populated\">\n\t\t\t\t\t\t<div class=\"elementor-element elementor-element-1d670d0 elementor-widget elementor-widget-spacer\" data-id=\"1d670d0\" data-element_type=\"widget\" data-widget_type=\"spacer.default\">\n\t\t\t\t<div class=\"elementor-widget-container\">\n\t\t\t\t\t<div class=\"elementor-spacer\">\n\t\t\t<div class=\"elementor-spacer-inner\"><\/div>\n\t\t<\/div>\n\t\t\t\t<\/div>\n\t\t\t\t<\/div>\n\t\t\t\t<div class=\"elementor-element elementor-element-55e0d66 elementor-widget elementor-widget-heading\" data-id=\"55e0d66\" data-element_type=\"widget\" data-widget_type=\"heading.default\">\n\t\t\t\t<div class=\"elementor-widget-container\">\n\t\t\t<h2 class=\"elementor-heading-title elementor-size-default\">D\u00c9CLARATION D'ENGAGEMENT EN FAVEUR DU D\u00c9VELOPPEMENT DURABLE<\/h2>\t\t<\/div>\n\t\t\t\t<\/div>\n\t\t\t\t<div class=\"elementor-element elementor-element-041fb14 elementor-widget elementor-widget-spacer\" data-id=\"041fb14\" data-element_type=\"widget\" data-widget_type=\"spacer.default\">\n\t\t\t\t<div class=\"elementor-widget-container\">\n\t\t\t\t\t<div class=\"elementor-spacer\">\n\t\t\t<div class=\"elementor-spacer-inner\"><\/div>\n\t\t<\/div>\n\t\t\t\t<\/div>\n\t\t\t\t<\/div>\n\t\t\t\t\t<\/div>\n\t\t<\/div>\n\t\t\t\t\t<\/div>\n\t\t<\/section>\n\t\t\t\t<section class=\"elementor-section elementor-top-section elementor-element elementor-element-6ffaa5f elementor-section-boxed elementor-section-height-default elementor-section-height-default\" data-id=\"6ffaa5f\" data-element_type=\"section\">\n\t\t\t\t\t\t<div class=\"elementor-container elementor-column-gap-default\">\n\t\t\t\t\t<div class=\"elementor-column elementor-col-100 elementor-top-column elementor-element elementor-element-7adfee8\" data-id=\"7adfee8\" data-element_type=\"column\">\n\t\t\t<div class=\"elementor-widget-wrap elementor-element-populated\">\n\t\t\t\t\t\t<div class=\"elementor-element elementor-element-66dfcd9 elementor-widget elementor-widget-text-editor\" data-id=\"66dfcd9\" data-element_type=\"widget\" data-widget_type=\"text-editor.default\">\n\t\t\t\t<div class=\"elementor-widget-container\">\n\t\t\t\t\t\t\t<p><strong>EVENTUR ECOTRAVEL<\/strong> est une agence de voyage et de tourisme durable et un membre fondateur de la plateforme de tourisme durable et responsable de S\u00e3o Tom\u00e9 et Pr\u00edncipe. Nous promouvons un mod\u00e8le de service responsable visant \u00e0 contribuer au progr\u00e8s \u00e9conomique, social et environnemental de nos parties prenantes.<\/p>\n<p>Chez <strong>EVENTUR ECOTRAVEL<\/strong>, nous croyons au pouvoir des voyages pour nous aider \u00e0 mieux comprendre le monde qui nous entoure et les autres. C&#8217;est pourquoi nous nous engageons \u00e0 promouvoir une agence de voyage et de tourisme durable. Nous pensons que le progr\u00e8s \u00e9conomique, social et environnemental de nos parties prenantes d\u00e9pend de notre capacit\u00e9 \u00e0 travailler de mani\u00e8re responsable sur le plan environnemental.<\/p>\n\t\t\t\t\t\t<\/div>\n\t\t\t\t<\/div>\n\t\t\t\t<div class=\"elementor-element elementor-element-b380e7d elementor-widget elementor-widget-text-editor\" data-id=\"b380e7d\" data-element_type=\"widget\" data-widget_type=\"text-editor.default\">\n\t\t\t\t<div class=\"elementor-widget-container\">\n\t\t\t\t\t\t\t<p>Nous nous engageons \u00e0 adopter des pratiques durables dans tous les aspects de notre activit\u00e9, qu&#8217;il s&#8217;agisse de la mani\u00e8re dont nous nous procurons nos produits et services, de la mani\u00e8re dont nous menons nos activit\u00e9s commerciales ou de la mani\u00e8re dont nous interagissons avec l&#8217;environnement \u00e0 chaque \u00e9tape de notre parcours.<\/p>\n<p>En ce sens, nos services sont con\u00e7us pour vous aider \u00e0 r\u00e9duire votre empreinte carbone, \u00e0 minimiser votre impact sur l&#8217;environnement et les communaut\u00e9s locales, et \u00e0 contribuer au d\u00e9veloppement durable des destinations touristiques \u00e0 S\u00e3o Tom\u00e9 et Pr\u00edncipe.<\/p>\n<p>Notre objectif est de contribuer \u00e0 un monde meilleur en fournissant un service qui est.. :<\/p>\n<p>&#8211; Respect de l&#8217;environnement<\/p>\n<p>&#8211; Avantages \u00e9conomiques<\/p>\n<p>&#8211; Socialement responsable.<\/p>\n<p>Chez <strong>EVENTUR ECOTRAVEL,<\/strong> nous pensons que le tourisme peut \u00eatre une force pour le bien, et nous sommes fiers de faire partie d&#8217;une industrie qui peut contribuer \u00e0 rendre le monde meilleur pour nous tous.<\/p>\n\t\t\t\t\t\t<\/div>\n\t\t\t\t<\/div>\n\t\t\t\t<div class=\"elementor-element elementor-element-6809c90 elementor-widget elementor-widget-text-editor\" data-id=\"6809c90\" data-element_type=\"widget\" data-widget_type=\"text-editor.default\">\n\t\t\t\t<div class=\"elementor-widget-container\">\n\t\t\t\t\t\t\t<p>Nous d\u00e9clarons donc notre engagement en faveur de la durabilit\u00e9, qui comprend :<\/p>\n<p>&#8211; Promouvoir des mod\u00e8les de services responsables pour nos clients<\/p>\n<p>&#8211; Ne planifiez votre voyage qu&#8217;en adoptant des pratiques respectueuses de l&#8217;environnement<\/p>\n<p>&#8211; Veiller \u00e0 ce que nos employ\u00e9s re\u00e7oivent des salaires et des avantages \u00e9quitables, qu&#8217;ils soient employ\u00e9s \u00e0 temps plein ou temporaires.<\/p>\n<p>C&#8217;est notre engagement envers les objectifs de d\u00e9veloppement durable des Nations unies.<\/p>\n\t\t\t\t\t\t<\/div>\n\t\t\t\t<\/div>\n\t\t\t\t<div class=\"elementor-element elementor-element-e5a4e36 elementor-widget elementor-widget-spacer\" data-id=\"e5a4e36\" data-element_type=\"widget\" data-widget_type=\"spacer.default\">\n\t\t\t\t<div class=\"elementor-widget-container\">\n\t\t\t\t\t<div class=\"elementor-spacer\">\n\t\t\t<div class=\"elementor-spacer-inner\"><\/div>\n\t\t<\/div>\n\t\t\t\t<\/div>\n\t\t\t\t<\/div>\n\t\t\t\t<div class=\"elementor-element elementor-element-0d88fab elementor-align-center elementor-widget elementor-widget-button\" data-id=\"0d88fab\" data-element_type=\"widget\" data-widget_type=\"button.default\">\n\t\t\t\t<div class=\"elementor-widget-container\">\n\t\t\t\t\t\t\t<div class=\"elementor-button-wrapper\">\n\t\t\t\t\t<a class=\"elementor-button elementor-button-link elementor-size-sm\" href=\"http:\/\/www.eventur.st\">\n\t\t\t\t\t\t<span class=\"elementor-button-content-wrapper\">\n\t\t\t\t\t\t\t\t\t<span class=\"elementor-button-text\">RETOUR \u00c0 LA PAGE D'ACCUEIL<\/span>\n\t\t\t\t\t<\/span>\n\t\t\t\t\t<\/a>\n\t\t\t\t<\/div>\n\t\t\t\t\t\t<\/div>\n\t\t\t\t<\/div>\n\t\t\t\t<div class=\"elementor-element elementor-element-b856157 elementor-widget elementor-widget-spacer\" data-id=\"b856157\" data-element_type=\"widget\" data-widget_type=\"spacer.default\">\n\t\t\t\t<div class=\"elementor-widget-container\">\n\t\t\t\t\t<div class=\"elementor-spacer\">\n\t\t\t<div class=\"elementor-spacer-inner\"><\/div>\n\t\t<\/div>\n\t\t\t\t<\/div>\n\t\t\t\t<\/div>\n\t\t\t\t\t<\/div>\n\t\t<\/div>\n\t\t\t\t\t<\/div>\n\t\t<\/section>\n\t\t\t\t<\/div>\n\t\t","protected":false},"excerpt":{"rendered":"<p>D\u00c9CLARATION D&#8217;ENGAGEMENT EN FAVEUR DU D\u00c9VELOPPEMENT DURABLE EVENTUR ECOTRAVEL est une agence de voyage et de tourisme durable et un [&hellip;]<\/p>\n","protected":false},"author":1,"featured_media":0,"parent":0,"menu_order":0,"comment_status":"closed","ping_status":"closed","template":"elementor_canvas","meta":{"_uag_custom_page_level_css":"","site-sidebar-layout":"default","site-content-layout":"","ast-site-content-layout":"default","site-content-style":"default","site-sidebar-style":"default","ast-global-header-display":"","ast-banner-title-visibility":"","ast-main-header-display":"","ast-hfb-above-header-display":"","ast-hfb-below-header-display":"","ast-hfb-mobile-header-display":"","site-post-title":"","ast-breadcrumbs-content":"","ast-featured-img":"","footer-sml-layout":"","theme-transparent-header-meta":"","adv-header-id-meta":"","stick-header-meta":"","header-above-stick-meta":"","header-main-stick-meta":"","header-below-stick-meta":"","astra-migrate-meta-layouts":"default","ast-page-background-enabled":"default","ast-page-background-meta":{"desktop":{"background-color":"var(--ast-global-color-4)","background-image":"","background-repeat":"repeat","background-position":"center center","background-size":"auto","background-attachment":"scroll","background-type":"","background-media":"","overlay-type":"","overlay-color":"","overlay-opacity":"","overlay-gradient":""},"tablet":{"background-color":"","background-image":"","background-repeat":"repeat","background-position":"center center","background-size":"auto","background-attachment":"scroll","background-type":"","background-media":"","overlay-type":"","overlay-color":"","overlay-opacity":"","overlay-gradient":""},"mobile":{"background-color":"","background-image":"","background-repeat":"repeat","background-position":"center center","background-size":"auto","background-attachment":"scroll","background-type":"","background-media":"","overlay-type":"","overlay-color":"","overlay-opacity":"","overlay-gradient":""}},"ast-content-background-meta":{"desktop":{"background-color":"var(--ast-global-color-5)","background-image":"","background-repeat":"repeat","background-position":"center center","background-size":"auto","background-attachment":"scroll","background-type":"","background-media":"","overlay-type":"","overlay-color":"","overlay-opacity":"","overlay-gradient":""},"tablet":{"background-color":"var(--ast-global-color-5)","background-image":"","background-repeat":"repeat","background-position":"center center","background-size":"auto","background-attachment":"scroll","background-type":"","background-media":"","overlay-type":"","overlay-color":"","overlay-opacity":"","overlay-gradient":""},"mobile":{"background-color":"var(--ast-global-color-5)","background-image":"","background-repeat":"repeat","background-position":"center center","background-size":"auto","background-attachment":"scroll","background-type":"","background-media":"","overlay-type":"","overlay-color":"","overlay-opacity":"","overlay-gradient":""}},"footnotes":""},"class_list":["post-10057","page","type-page","status-publish","hentry"],"yoast_head":"<!-- This site is optimized with the Yoast SEO Premium plugin v26.3 (Yoast SEO v26.3) - https:\/\/yoast.com\/wordpress\/plugins\/seo\/ -->\n<title>Notre engagement en faveur du d\u00e9veloppement durable - Viagens a S\u00e3o Tom\u00e9 e Pr\u00edncipe<\/title>\n<meta name=\"robots\" content=\"index, follow, max-snippet:-1, max-image-preview:large, max-video-preview:-1\" \/>\n<link rel=\"canonical\" href=\"https:\/\/www.eventurstp.com\/sustentabilidade\/\" \/>\n<meta property=\"og:locale\" content=\"fr_FR\" \/>\n<meta property=\"og:type\" content=\"article\" \/>\n<meta property=\"og:title\" content=\"Notre engagement en faveur du d\u00e9veloppement durable\" \/>\n<meta property=\"og:description\" content=\"D\u00c9CLARATION D&#8217;ENGAGEMENT EN FAVEUR DU D\u00c9VELOPPEMENT DURABLE EVENTUR ECOTRAVEL est une agence de voyage et de tourisme durable et un [&hellip;]\" \/>\n<meta property=\"og:url\" content=\"https:\/\/www.eventurstp.com\/sustentabilidade\/\" \/>\n<meta property=\"og:site_name\" content=\"Viagens a S\u00e3o Tom\u00e9 e Pr\u00edncipe\" \/>\n<meta property=\"article:modified_time\" content=\"2024-03-05T15:55:47+00:00\" \/>\n<meta name=\"twitter:card\" content=\"summary_large_image\" \/>\n<meta name=\"twitter:label1\" content=\"Dur\u00e9e de lecture estim\u00e9e\" \/>\n\t<meta name=\"twitter:data1\" content=\"2 minutes\" \/>\n<!-- \/ Yoast SEO Premium plugin. -->","yoast_head_json":{"title":"Notre engagement en faveur du d\u00e9veloppement durable - Viagens a S\u00e3o Tom\u00e9 e Pr\u00edncipe","robots":{"index":"index","follow":"follow","max-snippet":"max-snippet:-1","max-image-preview":"max-image-preview:large","max-video-preview":"max-video-preview:-1"},"canonical":"https:\/\/www.eventurstp.com\/sustentabilidade\/","og_locale":"fr_FR","og_type":"article","og_title":"Notre engagement en faveur du d\u00e9veloppement durable","og_description":"D\u00c9CLARATION D&#8217;ENGAGEMENT EN FAVEUR DU D\u00c9VELOPPEMENT DURABLE EVENTUR ECOTRAVEL est une agence de voyage et de tourisme durable et un [&hellip;]","og_url":"https:\/\/www.eventurstp.com\/sustentabilidade\/","og_site_name":"Viagens a S\u00e3o Tom\u00e9 e Pr\u00edncipe","article_modified_time":"2024-03-05T15:55:47+00:00","twitter_card":"summary_large_image","twitter_misc":{"Dur\u00e9e de lecture estim\u00e9e":"2 minutes"},"schema":{"@context":"https:\/\/schema.org","@graph":[{"@type":"WebPage","@id":"https:\/\/www.eventurstp.com\/sustentabilidade\/","url":"https:\/\/www.eventurstp.com\/sustentabilidade\/","name":"Notre engagement en faveur du d\u00e9veloppement durable - Viagens a S\u00e3o Tom\u00e9 e Pr\u00edncipe","isPartOf":{"@id":"https:\/\/www.eventurstp.com\/#website"},"datePublished":"2022-05-15T10:29:00+00:00","dateModified":"2024-03-05T15:55:47+00:00","breadcrumb":{"@id":"https:\/\/www.eventurstp.com\/sustentabilidade\/#breadcrumb"},"inLanguage":"fr-FR","potentialAction":[{"@type":"ReadAction","target":["https:\/\/www.eventurstp.com\/sustentabilidade\/"]}]},{"@type":"BreadcrumbList","@id":"https:\/\/www.eventurstp.com\/sustentabilidade\/#breadcrumb","itemListElement":[{"@type":"ListItem","position":1,"name":"In\u00edcio","item":"https:\/\/www.eventurstp.com\/"},{"@type":"ListItem","position":2,"name":"Notre engagement en faveur du d\u00e9veloppement durable"}]},{"@type":"WebSite","@id":"https:\/\/www.eventurstp.com\/#website","url":"https:\/\/www.eventurstp.com\/","name":"Viagens a S\u00e3o Tom\u00e9 e Pr\u00edncipe","description":"Descubra S\u00e3o Tom\u00e9 e Pr\u00edncipe com a Eventur STP. Pacotes personalizados, tours aut\u00eanticos e experi\u00eancias inesquec\u00edveis.","publisher":{"@id":"https:\/\/www.eventurstp.com\/#organization"},"potentialAction":[{"@type":"SearchAction","target":{"@type":"EntryPoint","urlTemplate":"https:\/\/www.eventurstp.com\/?s={search_term_string}"},"query-input":{"@type":"PropertyValueSpecification","valueRequired":true,"valueName":"search_term_string"}}],"inLanguage":"fr-FR"},{"@type":"Organization","@id":"https:\/\/www.eventurstp.com\/#organization","name":"Viagens a S\u00e3o Tom\u00e9 e Pr\u00edncipe","url":"https:\/\/www.eventurstp.com\/","logo":{"@type":"ImageObject","inLanguage":"fr-FR","@id":"https:\/\/www.eventurstp.com\/#\/schema\/logo\/image\/","url":"https:\/\/www.eventurstp.com\/wp-content\/uploads\/2025\/01\/cropped-logoeventur.png","contentUrl":"https:\/\/www.eventurstp.com\/wp-content\/uploads\/2025\/01\/cropped-logoeventur.png","width":1182,"height":304,"caption":"Viagens a S\u00e3o Tom\u00e9 e Pr\u00edncipe"},"image":{"@id":"https:\/\/www.eventurstp.com\/#\/schema\/logo\/image\/"}}]}},"spectra_custom_meta":{"_alp_processed":["1709654147"],"_elementor_edit_mode":["builder"],"_elementor_template_type":["wp-page"],"_elementor_version":["3.7.8"],"_wp_page_template":["elementor_canvas"],"_elementor_data":["[{\"id\":\"15f7eca\",\"elType\":\"section\",\"settings\":[],\"elements\":[{\"id\":\"869c252\",\"elType\":\"column\",\"settings\":{\"_column_size\":100,\"_inline_size\":null},\"elements\":[{\"id\":\"1d670d0\",\"elType\":\"widget\",\"settings\":{\"space\":{\"unit\":\"px\",\"size\":84,\"sizes\":[]}},\"elements\":[],\"widgetType\":\"spacer\"},{\"id\":\"55e0d66\",\"elType\":\"widget\",\"settings\":{\"title\":\"D\\u00c9CLARATION D'ENGAGEMENT EN FAVEUR DU D\\u00c9VELOPPEMENT DURABLE\",\"align\":\"center\",\"title_color\":\"#61C96D\"},\"elements\":[],\"widgetType\":\"heading\"},{\"id\":\"041fb14\",\"elType\":\"widget\",\"settings\":[],\"elements\":[],\"widgetType\":\"spacer\"}],\"isInner\":false}],\"isInner\":false},{\"id\":\"6ffaa5f\",\"elType\":\"section\",\"settings\":[],\"elements\":[{\"id\":\"7adfee8\",\"elType\":\"column\",\"settings\":{\"_column_size\":100,\"_inline_size\":null},\"elements\":[{\"id\":\"66dfcd9\",\"elType\":\"widget\",\"settings\":{\"editor\":\"<p><strong>EVENTUR ECOTRAVEL<\\\/strong> est une agence de voyage et de tourisme durable et un membre fondateur de la plateforme de tourisme durable et responsable de S\\u00e3o Tom\\u00e9 et Pr\\u00edncipe. Nous promouvons un mod\\u00e8le de service responsable visant \\u00e0 contribuer au progr\\u00e8s \\u00e9conomique, social et environnemental de nos parties prenantes.<\\\/p>\\n<p>Chez <strong>EVENTUR ECOTRAVEL<\\\/strong>, nous croyons au pouvoir des voyages pour nous aider \\u00e0 mieux comprendre le monde qui nous entoure et les autres. C'est pourquoi nous nous engageons \\u00e0 promouvoir une agence de voyage et de tourisme durable. Nous pensons que le progr\\u00e8s \\u00e9conomique, social et environnemental de nos parties prenantes d\\u00e9pend de notre capacit\\u00e9 \\u00e0 travailler de mani\\u00e8re responsable sur le plan environnemental.<\\\/p>\\n\"},\"elements\":[],\"widgetType\":\"text-editor\"},{\"id\":\"b380e7d\",\"elType\":\"widget\",\"settings\":{\"editor\":\"<p>Nous nous engageons \\u00e0 adopter des pratiques durables dans tous les aspects de notre activit\\u00e9, qu'il s'agisse de la mani\\u00e8re dont nous nous procurons nos produits et services, de la mani\\u00e8re dont nous menons nos activit\\u00e9s commerciales ou de la mani\\u00e8re dont nous interagissons avec l'environnement \\u00e0 chaque \\u00e9tape de notre parcours.<\\\/p>\\n<p>En ce sens, nos services sont con\\u00e7us pour vous aider \\u00e0 r\\u00e9duire votre empreinte carbone, \\u00e0 minimiser votre impact sur l'environnement et les communaut\\u00e9s locales, et \\u00e0 contribuer au d\\u00e9veloppement durable des destinations touristiques \\u00e0 S\\u00e3o Tom\\u00e9 et Pr\\u00edncipe.<\\\/p>\\n<p>Notre objectif est de contribuer \\u00e0 un monde meilleur en fournissant un service qui est.. :<\\\/p>\\n<p>- Respect de l'environnement<\\\/p>\\n<p>- Avantages \\u00e9conomiques<\\\/p>\\n<p>- Socialement responsable.<\\\/p>\\n<p>Chez <strong>EVENTUR ECOTRAVEL,<\\\/strong> nous pensons que le tourisme peut \\u00eatre une force pour le bien, et nous sommes fiers de faire partie d'une industrie qui peut contribuer \\u00e0 rendre le monde meilleur pour nous tous.<\\\/p>\\n\"},\"elements\":[],\"widgetType\":\"text-editor\"},{\"id\":\"6809c90\",\"elType\":\"widget\",\"settings\":{\"editor\":\"<p>Nous d\\u00e9clarons donc notre engagement en faveur de la durabilit\\u00e9, qui comprend :<\\\/p>\\n<p>- Promouvoir des mod\\u00e8les de services responsables pour nos clients<\\\/p>\\n<p>- Ne planifiez votre voyage qu'en adoptant des pratiques respectueuses de l'environnement<\\\/p>\\n<p>- Veiller \\u00e0 ce que nos employ\\u00e9s re\\u00e7oivent des salaires et des avantages \\u00e9quitables, qu'ils soient employ\\u00e9s \\u00e0 temps plein ou temporaires.<\\\/p>\\n<p>C'est notre engagement envers les objectifs de d\\u00e9veloppement durable des Nations unies.<\\\/p>\\n\"},\"elements\":[],\"widgetType\":\"text-editor\"},{\"id\":\"e5a4e36\",\"elType\":\"widget\",\"settings\":[],\"elements\":[],\"widgetType\":\"spacer\"},{\"id\":\"0d88fab\",\"elType\":\"widget\",\"settings\":{\"text\":\"RETOUR \\u00c0 LA PAGE D'ACCUEIL\",\"link\":{\"url\":\"www.eventur.st\",\"is_external\":\"\",\"nofollow\":\"\",\"custom_attributes\":\"\"},\"align\":\"center\"},\"elements\":[],\"widgetType\":\"button\"},{\"id\":\"b856157\",\"elType\":\"widget\",\"settings\":{\"space\":{\"unit\":\"px\",\"size\":212,\"sizes\":[]}},\"elements\":[],\"widgetType\":\"spacer\"}],\"isInner\":false}],\"isInner\":false}]"],"_last_translation_edit_mode":["translation-editor"],"_elementor_template_widget_type":[""],"_elementor_popup_display_settings":[""],"_elementor_controls_usage":["a:6:{s:6:\"spacer\";a:3:{s:5:\"count\";i:4;s:15:\"control_percent\";i:0;s:8:\"controls\";a:1:{s:7:\"content\";a:1:{s:14:\"section_spacer\";a:1:{s:5:\"space\";i:2;}}}}s:7:\"heading\";a:3:{s:5:\"count\";i:1;s:15:\"control_percent\";i:1;s:8:\"controls\";a:2:{s:7:\"content\";a:1:{s:13:\"section_title\";a:1:{s:5:\"title\";i:1;}}s:5:\"style\";a:1:{s:19:\"section_title_style\";a:2:{s:5:\"align\";i:1;s:11:\"title_color\";i:1;}}}}s:6:\"column\";a:3:{s:5:\"count\";i:2;s:15:\"control_percent\";i:0;s:8:\"controls\";a:1:{s:6:\"layout\";a:1:{s:6:\"layout\";a:1:{s:12:\"_inline_size\";i:2;}}}}s:7:\"section\";a:3:{s:5:\"count\";i:2;s:15:\"control_percent\";i:0;s:8:\"controls\";a:0:{}}s:11:\"text-editor\";a:3:{s:5:\"count\";i:3;s:15:\"control_percent\";i:0;s:8:\"controls\";a:1:{s:7:\"content\";a:1:{s:14:\"section_editor\";a:1:{s:6:\"editor\";i:3;}}}}s:6:\"button\";a:3:{s:5:\"count\";i:1;s:15:\"control_percent\";i:1;s:8:\"controls\";a:2:{s:7:\"content\";a:1:{s:14:\"section_button\";a:2:{s:4:\"text\";i:1;s:4:\"link\";i:1;}}s:5:\"style\";a:1:{s:13:\"section_style\";a:1:{s:5:\"align\";i:1;}}}}}"],"tdc_google_fonts_settings":["a:0:{}"],"_elementor_css":["a:6:{s:4:\"time\";i:1731999077;s:5:\"fonts\";a:0:{}s:5:\"icons\";a:1:{i:0;s:0:\"\";}s:20:\"dynamic_elements_ids\";a:0:{}s:6:\"status\";s:4:\"file\";i:0;s:0:\"\";}"],"_elementor_page_assets":["a:1:{s:6:\"styles\";a:3:{i:0;s:13:\"widget-spacer\";i:1;s:14:\"widget-heading\";i:2;s:18:\"widget-text-editor\";}}"],"_uag_page_assets":["a:9:{s:3:\"css\";s:263:\".uag-blocks-common-selector{z-index:var(--z-index-desktop) !important}@media (max-width: 976px){.uag-blocks-common-selector{z-index:var(--z-index-tablet) !important}}@media (max-width: 767px){.uag-blocks-common-selector{z-index:var(--z-index-mobile) !important}}\n\";s:2:\"js\";s:0:\"\";s:18:\"current_block_list\";a:6:{i:0;s:11:\"core\/search\";i:1;s:10:\"core\/group\";i:2;s:12:\"core\/heading\";i:3;s:17:\"core\/latest-posts\";i:4;s:13:\"core\/archives\";i:5;s:15:\"core\/categories\";}s:8:\"uag_flag\";b:0;s:11:\"uag_version\";s:10:\"1775646511\";s:6:\"gfonts\";a:0:{}s:10:\"gfonts_url\";s:0:\"\";s:12:\"gfonts_files\";a:0:{}s:14:\"uag_faq_layout\";b:0;}"],"_uag_css_file_name":["uag-css-10057.css"]},"uagb_featured_image_src":{"full":false,"thumbnail":false,"medium":false,"medium_large":false,"large":false,"1536x1536":false,"2048x2048":false},"uagb_author_info":{"display_name":"Eventur","author_link":"https:\/\/www.eventurstp.com\/fr\/author\/master\/"},"uagb_comment_info":0,"uagb_excerpt":"D\u00c9CLARATION D&#8217;ENGAGEMENT EN FAVEUR DU D\u00c9VELOPPEMENT DURABLE EVENTUR ECOTRAVEL est une agence de voyage et de tourisme durable et un [&hellip;]","_links":{"self":[{"href":"https:\/\/www.eventurstp.com\/fr\/wp-json\/wp\/v2\/pages\/10057","targetHints":{"allow":["GET"]}}],"collection":[{"href":"https:\/\/www.eventurstp.com\/fr\/wp-json\/wp\/v2\/pages"}],"about":[{"href":"https:\/\/www.eventurstp.com\/fr\/wp-json\/wp\/v2\/types\/page"}],"author":[{"embeddable":true,"href":"https:\/\/www.eventurstp.com\/fr\/wp-json\/wp\/v2\/users\/1"}],"replies":[{"embeddable":true,"href":"https:\/\/www.eventurstp.com\/fr\/wp-json\/wp\/v2\/comments?post=10057"}],"version-history":[{"count":2,"href":"https:\/\/www.eventurstp.com\/fr\/wp-json\/wp\/v2\/pages\/10057\/revisions"}],"predecessor-version":[{"id":10065,"href":"https:\/\/www.eventurstp.com\/fr\/wp-json\/wp\/v2\/pages\/10057\/revisions\/10065"}],"wp:attachment":[{"href":"https:\/\/www.eventurstp.com\/fr\/wp-json\/wp\/v2\/media?parent=10057"}],"curies":[{"name":"wp","href":"https:\/\/api.w.org\/{rel}","templated":true}]}}